{"id":2,"date":"2019-05-31T07:25:01","date_gmt":"2019-05-31T07:25:01","guid":{"rendered":"http:\/\/35.180.229.106\/?page_id=2"},"modified":"2019-06-05T10:19:51","modified_gmt":"2019-06-05T10:19:51","slug":"sample-page","status":"publish","type":"page","link":"https:\/\/portcemen.com\/","title":{"rendered":"Sobre Nosotros"},"content":{"rendered":"\n<p>TERMINAL DE ALMACENAJE Y CARGA A BUQUE DE CLINKER Y CEMENTO A GRANEL<\/p>\n\n\n\n<blockquote class=\"wp-block-quote\"><p><strong>PORTCEMEN SA <\/strong>es una terminal propiedad de las tres compa\u00f1\u00edas cementeras catalanas que tiene una concesi\u00f3n de espacio para operar en el puerto de Barcelona. La superficie total ocupada es de 10.675,20 m2 en el Muelle de Contradique, l\u00ednea de atraque Sur.<\/p><p><br> Est\u00e1 dedicada en un 95% a la exportaci\u00f3n de cemento y cl\u00ednker por el excedente de producci\u00f3n de las f\u00e1bricas en Catalu\u00f1a aunque tambi\u00e9n se dedica un 5% a la importaci\u00f3n de cemento. Estos porcentajes son variables y dependen estrechamente de la coyuntura econ\u00f3mica y del momento del ciclo de construcci\u00f3n.<\/p><p><br> Es una terminal que manipula los productos en condiciones de m\u00e1xima estanqueidad gracias a las importantes mejoras en inversi\u00f3n en instalaciones y equipos que se acordaron en la renovaci\u00f3n de la concesi\u00f3n a inicio de los a\u00f1os 2000.<\/p><p><br> El volumen de mercanc\u00edas movidas en la terminal es variable seg\u00fan los a\u00f1os dependiendo del comportamiento del mercado de la construcci\u00f3n y de la marcha de la econom\u00eda (fortaleza del euro, crecimiento, demanda de exportaci\u00f3n, etc&lt;85&gt;), aunque generalmente se sit\u00faa entre las 500.000t y el mill\u00f3n de toneladas.<\/p><\/blockquote>\n\n\n\n<p><\/p>\n\n\n\n<figure class=\"wp-block-image is-resized\"><img loading=\"lazy\" src=\"http:\/\/35.180.229.106\/wp-content\/uploads\/2019\/05\/Imagen-010.jpg\" alt=\"\" class=\"wp-image-10\" width=\"613\" height=\"460\" srcset=\"https:\/\/portcemen.com\/wp-content\/uploads\/2019\/05\/Imagen-010.jpg 400w, https:\/\/portcemen.com\/wp-content\/uploads\/2019\/05\/Imagen-010-300x225.jpg 300w\" sizes=\"(max-width: 613px) 85vw, 613px\" \/><\/figure>\n\n\n\n<ul class=\"wp-block-gallery columns-1 is-cropped\"><li class=\"blocks-gallery-item\"><figure><img loading=\"lazy\" width=\"700\" height=\"412\" src=\"http:\/\/35.180.229.106\/wp-content\/uploads\/2019\/06\/carga.jpg\" alt=\"\" data-id=\"61\" data-link=\"http:\/\/35.180.229.106\/index.php\/sample-page\/carga-2\/\" class=\"wp-image-61\" srcset=\"https:\/\/portcemen.com\/wp-content\/uploads\/2019\/06\/carga.jpg 700w, https:\/\/portcemen.com\/wp-content\/uploads\/2019\/06\/carga-300x177.jpg 300w\" sizes=\"(max-width: 700px) 85vw, 700px\" \/><\/figure><\/li><\/ul>\n","protected":false},"excerpt":{"rendered":"<p>TERMINAL DE ALMACENAJE Y CARGA A BUQUE DE CLINKER Y CEMENTO A GRANEL PORTCEMEN SA es una terminal propiedad de las tres compa\u00f1\u00edas cementeras catalanas que tiene una concesi\u00f3n de espacio para operar en el puerto de Barcelona. La superficie total ocupada es de 10.675,20 m2 en el Muelle de Contradique, l\u00ednea de atraque Sur. &hellip; <a href=\"https:\/\/portcemen.com\/\" class=\"more-link\">Continuar leyendo<span class=\"screen-reader-text\"> &#8220;Sobre Nosotros&#8221;<\/span><\/a><\/p>\n","protected":false},"author":1,"featured_media":0,"parent":0,"menu_order":0,"comment_status":"closed","ping_status":"open","template":"","meta":[],"_links":{"self":[{"href":"https:\/\/portcemen.com\/index.php\/wp-json\/wp\/v2\/pages\/2"}],"collection":[{"href":"https:\/\/portcemen.com\/index.php\/wp-json\/wp\/v2\/pages"}],"about":[{"href":"https:\/\/portcemen.com\/index.php\/wp-json\/wp\/v2\/types\/page"}],"author":[{"embeddable":true,"href":"https:\/\/portcemen.com\/index.php\/wp-json\/wp\/v2\/users\/1"}],"replies":[{"embeddable":true,"href":"https:\/\/portcemen.com\/index.php\/wp-json\/wp\/v2\/comments?post=2"}],"version-history":[{"count":5,"href":"https:\/\/portcemen.com\/index.php\/wp-json\/wp\/v2\/pages\/2\/revisions"}],"predecessor-version":[{"id":63,"href":"https:\/\/portcemen.com\/index.php\/wp-json\/wp\/v2\/pages\/2\/revisions\/63"}],"wp:attachment":[{"href":"https:\/\/portcemen.com\/index.php\/wp-json\/wp\/v2\/media?parent=2"}],"curies":[{"name":"wp","href":"https:\/\/api.w.org\/{rel}","templated":true}]}}